{"id":2900,"date":"2021-11-28T21:46:51","date_gmt":"2021-11-28T21:46:51","guid":{"rendered":"https:\/\/www.franciscodesales.com\/?page_id=2900"},"modified":"2021-11-28T21:46:53","modified_gmt":"2021-11-28T21:46:53","slug":"pseudo-filosoficas","status":"publish","type":"page","link":"https:\/\/www.franciscodesales.com\/index.php\/pseudo-filosoficas\/","title":{"rendered":"PSEUDO-FILOS\u00d3FICAS"},"content":{"rendered":"\n<p class=\"has-large-font-size\">PSEUDO-FILOS\u00d3FICAS<\/p>\n\n\n\n<ul class=\"lcp_catlist\" id=\"lcp_instance_0\"><li><a href=\"https:\/\/www.franciscodesales.com\/index.php\/2026\/03\/20\/dentro-de-cada-uno\/\">Dentro de cada uno<\/a><\/li><li><a href=\"https:\/\/www.franciscodesales.com\/index.php\/2026\/03\/06\/la-paz\/\">La paz<\/a><\/li><li><a href=\"https:\/\/www.franciscodesales.com\/index.php\/2026\/02\/24\/los-grandes-exitos\/\">Los Grandes \u00c9xitos<\/a><\/li><li><a href=\"https:\/\/www.franciscodesales.com\/index.php\/2026\/01\/12\/si-pero-no\/\">S\u00ed, pero no<\/a><\/li><li><a href=\"https:\/\/www.franciscodesales.com\/index.php\/2025\/12\/17\/alma\/\">Alma<\/a><\/li><li><a href=\"https:\/\/www.franciscodesales.com\/index.php\/2025\/11\/04\/minutos\/\">Minutos<\/a><\/li><li><a href=\"https:\/\/www.franciscodesales.com\/index.php\/2025\/10\/17\/no-es-lo-mismo\/\">No es lo mismo<\/a><\/li><li><a href=\"https:\/\/www.franciscodesales.com\/index.php\/2025\/10\/11\/dias-sin-vida\/\">D\u00edas sin vida<\/a><\/li><li><a href=\"https:\/\/www.franciscodesales.com\/index.php\/2025\/09\/18\/se-tu-mismo\/\">S\u00e9 t\u00fa mismo<\/a><\/li><li><a href=\"https:\/\/www.franciscodesales.com\/index.php\/2025\/09\/16\/saber-escoger\/\">Saber escoger<\/a><\/li><li><a href=\"https:\/\/www.franciscodesales.com\/index.php\/2025\/09\/01\/lejos\/\">Lejos<\/a><\/li><li><a href=\"https:\/\/www.franciscodesales.com\/index.php\/2025\/08\/20\/no-se-que-hacer-con-tanta-soledad\/\">No s\u00e9 qu\u00e9 hacer con tanta soledad<\/a><\/li><li><a href=\"https:\/\/www.franciscodesales.com\/index.php\/2025\/08\/09\/nadie-me-aclara\/\">Nadie me aclara<\/a><\/li><li><a href=\"https:\/\/www.franciscodesales.com\/index.php\/2025\/06\/18\/mi-dolor\/\">Mi dolor<\/a><\/li><li><a href=\"https:\/\/www.franciscodesales.com\/index.php\/2025\/06\/07\/mentira-y-verdad\/\">Mentira y verdad<\/a><\/li><li><a href=\"https:\/\/www.franciscodesales.com\/index.php\/2025\/05\/14\/magia-y-veneno\/\">Magia y veneno<\/a><\/li><li><a href=\"https:\/\/www.franciscodesales.com\/index.php\/2025\/03\/08\/vivir-y-la-vida\/\">Vivir y la vida<\/a><\/li><li><a href=\"https:\/\/www.franciscodesales.com\/index.php\/2025\/02\/12\/la-nostalgia-2\/\">La nostalgia<\/a><\/li><li><a href=\"https:\/\/www.franciscodesales.com\/index.php\/2025\/01\/23\/vida-y-vaivenes\/\">Vida y vaivenes<\/a><\/li><li><a href=\"https:\/\/www.franciscodesales.com\/index.php\/2025\/01\/22\/escribir-o-no-escribir\/\">Escribir o no escribir<\/a><\/li><li><a href=\"https:\/\/www.franciscodesales.com\/index.php\/2024\/12\/17\/todo-o-nada\/\">Todo o nada<\/a><\/li><li><a href=\"https:\/\/www.franciscodesales.com\/index.php\/2024\/11\/16\/del-pasado\/\">Del pasado<\/a><\/li><li><a href=\"https:\/\/www.franciscodesales.com\/index.php\/2024\/10\/02\/lo-que-hace-falta\/\">Lo que hace falta<\/a><\/li><li><a href=\"https:\/\/www.franciscodesales.com\/index.php\/2024\/08\/31\/3885\/\">Una l\u00e1grima<\/a><\/li><li><a href=\"https:\/\/www.franciscodesales.com\/index.php\/2024\/08\/14\/vive-que-aun-puedes\/\">Vive, que a\u00fan puedes<\/a><\/li><li><a href=\"https:\/\/www.franciscodesales.com\/index.php\/2024\/06\/28\/palabras-y-sentimientos\/\">Palabras y sentimientos<\/a><\/li><li><a href=\"https:\/\/www.franciscodesales.com\/index.php\/2024\/06\/23\/por-justicia\/\">Por justicia<\/a><\/li><li><a href=\"https:\/\/www.franciscodesales.com\/index.php\/2024\/05\/14\/es-una-vida\/\">Es una vida<\/a><\/li><li><a href=\"https:\/\/www.franciscodesales.com\/index.php\/2024\/05\/04\/tambien-eso-es-vivir\/\">Tambi\u00e9n eso es vivir<\/a><\/li><li><a href=\"https:\/\/www.franciscodesales.com\/index.php\/2024\/04\/30\/manana\/\">Ma\u00f1ana<\/a><\/li><li><a href=\"https:\/\/www.franciscodesales.com\/index.php\/2024\/04\/02\/detras-de-la-verdad\/\">Detr\u00e1s de la verdad<\/a><\/li><li><a href=\"https:\/\/www.franciscodesales.com\/index.php\/2023\/12\/23\/medio-vivir\/\">Medio vivir<\/a><\/li><li><a href=\"https:\/\/www.franciscodesales.com\/index.php\/2023\/10\/17\/suspiros\/\">Suspiros<\/a><\/li><li><a href=\"https:\/\/www.franciscodesales.com\/index.php\/2023\/09\/27\/la-muerte-o-el-olvido\/\">La muerte o el olvido<\/a><\/li><li><a href=\"https:\/\/www.franciscodesales.com\/index.php\/2023\/09\/21\/y-ajena\/\">Y ajena<\/a><\/li><li><a href=\"https:\/\/www.franciscodesales.com\/index.php\/2023\/08\/17\/lo-dificil-es\/\">Lo dif\u00edcil es<\/a><\/li><li><a href=\"https:\/\/www.franciscodesales.com\/index.php\/2023\/07\/31\/vivir-sin-vida-2\/\">Vivir sin VIDA<\/a><\/li><li><a href=\"https:\/\/www.franciscodesales.com\/index.php\/2023\/07\/20\/el-silencio\/\">El silencio<\/a><\/li><li><a href=\"https:\/\/www.franciscodesales.com\/index.php\/2023\/06\/09\/el-alma\/\">El alma<\/a><\/li><li><a href=\"https:\/\/www.franciscodesales.com\/index.php\/2023\/05\/26\/cuando\/\">Cuando<\/a><\/li><li><a href=\"https:\/\/www.franciscodesales.com\/index.php\/2023\/05\/11\/el-pasado-pasado\/\">El pasado pasado<\/a><\/li><li><a href=\"https:\/\/www.franciscodesales.com\/index.php\/2023\/05\/03\/mi-destino-contra-mi\/\">Mi destino contra m\u00ed<\/a><\/li><li><a href=\"https:\/\/www.franciscodesales.com\/index.php\/2023\/04\/18\/el-senor-del-tiempo\/\">El Se\u00f1or del Tiempo<\/a><\/li><li><a href=\"https:\/\/www.franciscodesales.com\/index.php\/2023\/04\/16\/cuantas-noches\/\">Cu\u00e1ntas noches<\/a><\/li><li><a href=\"https:\/\/www.franciscodesales.com\/index.php\/2023\/03\/30\/a-veces-la-vida\/\">A veces, la vida<\/a><\/li><li><a href=\"https:\/\/www.franciscodesales.com\/index.php\/2023\/02\/19\/retortijones\/\">Retortijones<\/a><\/li><li><a href=\"https:\/\/www.franciscodesales.com\/index.php\/2023\/01\/05\/dios\/\">Dios<\/a><\/li><li><a href=\"https:\/\/www.franciscodesales.com\/index.php\/2022\/11\/17\/vive-tu-vida\/\">Vive tu vida<\/a><\/li><li><a href=\"https:\/\/www.franciscodesales.com\/index.php\/2022\/11\/15\/es-recomendable-hacerse-preguntas\/\">\u00bfEs recomendable hacerse preguntas?<\/a><\/li><li><a href=\"https:\/\/www.franciscodesales.com\/index.php\/2022\/10\/30\/sin-miedo-a-vivir\/\">Sin miedo a vivir<\/a><\/li><li><a href=\"https:\/\/www.franciscodesales.com\/index.php\/2022\/10\/21\/y-que-hacemos-para-salvarnos\/\">\u00bfY qu\u00e9 hacemos para salvarnos?<\/a><\/li><li><a href=\"https:\/\/www.franciscodesales.com\/index.php\/2022\/08\/29\/de-pronto\/\">De pronto<\/a><\/li><li><a href=\"https:\/\/www.franciscodesales.com\/index.php\/2022\/07\/04\/nada-y-nadie\/\">Nada y nadie<\/a><\/li><li><a href=\"https:\/\/www.franciscodesales.com\/index.php\/2022\/04\/30\/los-recuerdos-son-la-vida-del-pasado\/\">Los recuerdos son la vida del pasado<\/a><\/li><li><a href=\"https:\/\/www.franciscodesales.com\/index.php\/2022\/02\/11\/lo-que-requiere-la-vida\/\">Lo que requiere la vida<\/a><\/li><li><a href=\"https:\/\/www.franciscodesales.com\/index.php\/2021\/09\/17\/ya-que-me-quedan-pocos\/\">Ya que me quedan pocos<\/a><\/li><li><a href=\"https:\/\/www.franciscodesales.com\/index.php\/2021\/09\/17\/y-no-viene\/\">Y no viene<\/a><\/li><li><a href=\"https:\/\/www.franciscodesales.com\/index.php\/2021\/09\/17\/vivir-es-morir\/\">Vivir es morir<\/a><\/li><li><a href=\"https:\/\/www.franciscodesales.com\/index.php\/2021\/09\/17\/vivir-antes-de-morir\/\">Vivir antes de morir<\/a><\/li><li><a href=\"https:\/\/www.franciscodesales.com\/index.php\/2021\/09\/17\/vendido\/\">Vendido<\/a><\/li><li><a href=\"https:\/\/www.franciscodesales.com\/index.php\/2021\/09\/17\/vencido\/\">Vencido<\/a><\/li><li><a href=\"https:\/\/www.franciscodesales.com\/index.php\/2021\/09\/17\/uno-es-rey-dios-o-mago\/\">Uno es rey, Dios o mago<\/a><\/li><li><a href=\"https:\/\/www.franciscodesales.com\/index.php\/2021\/09\/17\/una-vida\/\">Una vida<\/a><\/li><li><a href=\"https:\/\/www.franciscodesales.com\/index.php\/2021\/09\/17\/tiene-la-culpa-la-lluvia\/\">\u00bfTiene la culpa la lluvia?<\/a><\/li><li><a href=\"https:\/\/www.franciscodesales.com\/index.php\/2021\/09\/17\/tarde-de-domingo\/\">Tarde de domingo<\/a><\/li><li><a href=\"https:\/\/www.franciscodesales.com\/index.php\/2021\/09\/17\/suposicion\/\">Suposici\u00f3n<\/a><\/li><li><a href=\"https:\/\/www.franciscodesales.com\/index.php\/2021\/09\/17\/solo-en-la-soledad\/\">Solo en la soledad<\/a><\/li><li><a href=\"https:\/\/www.franciscodesales.com\/index.php\/2021\/09\/17\/sin-titulo\/\">Sin t\u00edtulo<\/a><\/li><li><a href=\"https:\/\/www.franciscodesales.com\/index.php\/2021\/09\/17\/sin-perdon-2\/\">Sin perd\u00f3n<\/a><\/li><li><a href=\"https:\/\/www.franciscodesales.com\/index.php\/2021\/09\/17\/si-no-quieres\/\">Si no quieres<\/a><\/li><li><a href=\"https:\/\/www.franciscodesales.com\/index.php\/2021\/09\/17\/ser\/\">Ser<\/a><\/li><li><a href=\"https:\/\/www.franciscodesales.com\/index.php\/2021\/09\/17\/se-salva\/\">Se salva<\/a><\/li><li><a href=\"https:\/\/www.franciscodesales.com\/index.php\/2021\/09\/17\/si-calderon-la-vida-es-sueno\/\">S\u00ed, Calder\u00f3n, la vida es sue\u00f1o<\/a><\/li><li><a href=\"https:\/\/www.franciscodesales.com\/index.php\/2021\/09\/17\/probemos\/\">Probemos<\/a><\/li><li><a href=\"https:\/\/www.franciscodesales.com\/index.php\/2021\/09\/17\/pregunta\/\">Pregunta<\/a><\/li><li><a href=\"https:\/\/www.franciscodesales.com\/index.php\/2021\/09\/17\/prefiero-el-olvido\/\">Prefiero el olvido<\/a><\/li><li><a href=\"https:\/\/www.franciscodesales.com\/index.php\/2021\/09\/17\/paradojas\/\">Paradojas<\/a><\/li><li><a href=\"https:\/\/www.franciscodesales.com\/index.php\/2021\/09\/17\/para-dios-si-esta-donde-quiera-que-este\/\">Para Dios, si est\u00e1, donde quiera que est\u00e9<\/a><\/li><li><a href=\"https:\/\/www.franciscodesales.com\/index.php\/2021\/09\/17\/otro-lamento\/\">Otro lamento<\/a><\/li><li><a href=\"https:\/\/www.franciscodesales.com\/index.php\/2021\/09\/17\/otra-vez-y-mil-mas-la-vida\/\">Otra vez, y mil m\u00e1s, la vida<\/a><\/li><li><a href=\"https:\/\/www.franciscodesales.com\/index.php\/2021\/09\/17\/otra-vez-la-vida\/\">Otra vez la vida<\/a><\/li><li><a href=\"https:\/\/www.franciscodesales.com\/index.php\/2021\/09\/17\/opino\/\">Opino<\/a><\/li><li><a href=\"https:\/\/www.franciscodesales.com\/index.php\/2021\/09\/17\/nostalgia-3\/\">Nostalgia<\/a><\/li><li><a href=\"https:\/\/www.franciscodesales.com\/index.php\/2021\/09\/17\/no-vivir\/\">No vivir<\/a><\/li><li><a href=\"https:\/\/www.franciscodesales.com\/index.php\/2021\/09\/17\/mundo-o-vida\/\">Mundo o vida<\/a><\/li><li><a href=\"https:\/\/www.franciscodesales.com\/index.php\/2021\/09\/17\/me-voy-haciendo-mayor\/\">Me voy haciendo mayor<\/a><\/li><li><a href=\"https:\/\/www.franciscodesales.com\/index.php\/2021\/09\/17\/me-rebelo\/\">Me rebelo<\/a><\/li><li><a href=\"https:\/\/www.franciscodesales.com\/index.php\/2021\/09\/17\/los-sentimientos-y-yo\/\">Los sentimientos y yo<\/a><\/li><li><a href=\"https:\/\/www.franciscodesales.com\/index.php\/2021\/09\/17\/lo-dificil\/\">Lo dif\u00edcil<\/a><\/li><li><a href=\"https:\/\/www.franciscodesales.com\/index.php\/2021\/09\/17\/lo-apoteosico\/\">Lo apote\u00f3sico<\/a><\/li><li><a href=\"https:\/\/www.franciscodesales.com\/index.php\/2021\/09\/17\/libertad\/\">Libertad<\/a><\/li><li><a href=\"https:\/\/www.franciscodesales.com\/index.php\/2021\/09\/17\/le-pido-al-futuro\/\">Le pido al futuro<\/a><\/li><li><a href=\"https:\/\/www.franciscodesales.com\/index.php\/2021\/09\/17\/lazos-dolientes\/\">Lazos dolientes<\/a><\/li><li><a href=\"https:\/\/www.franciscodesales.com\/index.php\/2021\/09\/17\/la-voz-de-la-vida\/\">La voz de la vida<\/a><\/li><li><a href=\"https:\/\/www.franciscodesales.com\/index.php\/2021\/09\/17\/la-vida\/\">La vida<\/a><\/li><li><a href=\"https:\/\/www.franciscodesales.com\/index.php\/2021\/09\/17\/la-vida-y-la-muerte-o-la-muerte\/\">La vida y la muerte o la muerte<\/a><\/li><li><a href=\"https:\/\/www.franciscodesales.com\/index.php\/2021\/09\/17\/la-vida-vive\/\">La vida vive<\/a><\/li><li><a href=\"https:\/\/www.franciscodesales.com\/index.php\/2021\/09\/17\/la-vida-sin-vida-no-es-vida\/\">La vida sin vida no es vida<\/a><\/li><li><a href=\"https:\/\/www.franciscodesales.com\/index.php\/2021\/09\/17\/la-vida-supongo\/\">La vida (supongo)<\/a><\/li><li><a href=\"https:\/\/www.franciscodesales.com\/index.php\/2021\/09\/17\/la-realidad\/\">La realidad<\/a><\/li><li><a href=\"https:\/\/www.franciscodesales.com\/index.php\/2021\/09\/17\/la-muerte-de-la-muerte\/\">La muerte de la muerte<\/a><\/li><li><a href=\"https:\/\/www.franciscodesales.com\/index.php\/2021\/09\/17\/la-cosa-es-asi\/\">La cosa es as\u00ed<\/a><\/li><li><a href=\"https:\/\/www.franciscodesales.com\/index.php\/2021\/09\/17\/incomprensivo\/\">Incomprensivo<\/a><\/li><li><a href=\"https:\/\/www.franciscodesales.com\/index.php\/2021\/09\/17\/fe\/\">Fe<\/a><\/li><li><a href=\"https:\/\/www.franciscodesales.com\/index.php\/2021\/09\/17\/estas-tardes-de-verano\/\">Estas tardes de verano<\/a><\/li><li><a href=\"https:\/\/www.franciscodesales.com\/index.php\/2021\/09\/17\/envejezco-y-no-quiero\/\">Envejezco (y no quiero)<\/a><\/li><li><a href=\"https:\/\/www.franciscodesales.com\/index.php\/2021\/09\/17\/en-manos-de-la-apatia\/\">En manos de la apat\u00eda<\/a><\/li><li><a href=\"https:\/\/www.franciscodesales.com\/index.php\/2021\/09\/17\/el-silencio-del-silencio\/\">El silencio del silencio<\/a><\/li><li><a href=\"https:\/\/www.franciscodesales.com\/index.php\/2021\/09\/17\/el-otro-camino\/\">El otro camino<\/a><\/li><li><a href=\"https:\/\/www.franciscodesales.com\/index.php\/2021\/09\/17\/el-nino-que-me-habita\/\">El ni\u00f1o que me habita<\/a><\/li><li><a href=\"https:\/\/www.franciscodesales.com\/index.php\/2021\/09\/17\/el-mismo-pesimismo\/\">El mismo pesimismo<\/a><\/li><li><a href=\"https:\/\/www.franciscodesales.com\/index.php\/2021\/09\/17\/el-futuro-siempre-sera-pasado\/\">El futuro siempre ser\u00e1 pasado<\/a><\/li><li><a href=\"https:\/\/www.franciscodesales.com\/index.php\/2021\/09\/17\/donde-estoy-mientras-duermo\/\">\u00bfD\u00f3nde estoy mientras duermo?<\/a><\/li><li><a href=\"https:\/\/www.franciscodesales.com\/index.php\/2021\/09\/17\/donde-estan\/\">\u00bfD\u00f3nde est\u00e1n?<\/a><\/li><li><a href=\"https:\/\/www.franciscodesales.com\/index.php\/2021\/09\/17\/desproposito\/\">Desprop\u00f3sito<\/a><\/li><li><a href=\"https:\/\/www.franciscodesales.com\/index.php\/2021\/09\/16\/desatencion-y-desgana\/\">Desatenci\u00f3n y desgana<\/a><\/li><li><a href=\"https:\/\/www.franciscodesales.com\/index.php\/2021\/09\/16\/derrota-victoriosa\/\">Derrota victoriosa<\/a><\/li><li><a href=\"https:\/\/www.franciscodesales.com\/index.php\/2021\/09\/16\/date-cuenta\/\">Date cuenta<\/a><\/li><li><a href=\"https:\/\/www.franciscodesales.com\/index.php\/2021\/09\/16\/donde-cabe-un-milagro\/\">D\u00f3nde cabe un milagro<\/a><\/li><li><a href=\"https:\/\/www.franciscodesales.com\/index.php\/2021\/09\/16\/con-sinceridad-2\/\">Con sinceridad<\/a><\/li><li><a href=\"https:\/\/www.franciscodesales.com\/index.php\/2021\/09\/16\/como-nos-pasa-a-muchos\/\">Como nos pasa a muchos<\/a><\/li><li><a href=\"https:\/\/www.franciscodesales.com\/index.php\/2021\/09\/16\/carta-a-mis-padres-2\/\">Carta a mis padres<\/a><\/li><li><a href=\"https:\/\/www.franciscodesales.com\/index.php\/2021\/09\/16\/como-nos-enganamos\/\">C\u00f3mo nos enga\u00f1amos<\/a><\/li><li><a href=\"https:\/\/www.franciscodesales.com\/index.php\/2021\/09\/16\/alcanzar\/\">Alcanzar<\/a><\/li><li><a href=\"https:\/\/www.franciscodesales.com\/index.php\/2021\/09\/16\/al-otro-lado-lo-prohibido\/\">Al otro lado, lo prohibido<\/a><\/li><li><a href=\"https:\/\/www.franciscodesales.com\/index.php\/2021\/09\/16\/al-final\/\">Al final<\/a><\/li><li><a href=\"https:\/\/www.franciscodesales.com\/index.php\/2021\/09\/16\/a-punto\/\">A punto<\/a><\/li><li><a href=\"https:\/\/www.franciscodesales.com\/index.php\/2021\/09\/16\/a-base-de-vivir\/\">A base de vivir<\/a><\/li><\/ul>\n","protected":false},"excerpt":{"rendered":"<p>PSEUDO-FILOS\u00d3FICAS<\/p>\n","protected":false},"author":1,"featured_media":0,"parent":0,"menu_order":0,"comment_status":"closed","ping_status":"closed","template":"","meta":{"ocean_post_layout":"","ocean_both_sidebars_style":"","ocean_both_sidebars_content_width":0,"ocean_both_sidebars_sidebars_width":0,"ocean_sidebar":"0","ocean_second_sidebar":"0","ocean_disable_margins":"enable","ocean_add_body_class":"","ocean_shortcode_before_top_bar":"","ocean_shortcode_after_top_bar":"","ocean_shortcode_before_header":"","ocean_shortcode_after_header":"","ocean_has_shortcode":"","ocean_shortcode_after_title":"","ocean_shortcode_before_footer_widgets":"","ocean_shortcode_after_footer_widgets":"","ocean_shortcode_before_footer_bottom":"","ocean_shortcode_after_footer_bottom":"","ocean_display_top_bar":"default","ocean_display_header":"default","ocean_header_style":"","ocean_center_header_left_menu":"0","ocean_custom_header_template":"0","ocean_custom_logo":0,"ocean_custom_retina_logo":0,"ocean_custom_logo_max_width":0,"ocean_custom_logo_tablet_max_width":0,"ocean_custom_logo_mobile_max_width":0,"ocean_custom_logo_max_height":0,"ocean_custom_logo_tablet_max_height":0,"ocean_custom_logo_mobile_max_height":0,"ocean_header_custom_menu":"0","ocean_menu_typo_font_family":"0","ocean_menu_typo_font_subset":"","ocean_menu_typo_font_size":0,"ocean_menu_typo_font_size_tablet":0,"ocean_menu_typo_font_size_mobile":0,"ocean_menu_typo_font_size_unit":"px","ocean_menu_typo_font_weight":"","ocean_menu_typo_font_weight_tablet":"","ocean_menu_typo_font_weight_mobile":"","ocean_menu_typo_transform":"","ocean_menu_typo_transform_tablet":"","ocean_menu_typo_transform_mobile":"","ocean_menu_typo_line_height":0,"ocean_menu_typo_line_height_tablet":0,"ocean_menu_typo_line_height_mobile":0,"ocean_menu_typo_line_height_unit":"","ocean_menu_typo_spacing":0,"ocean_menu_typo_spacing_tablet":0,"ocean_menu_typo_spacing_mobile":0,"ocean_menu_typo_spacing_unit":"","ocean_menu_link_color":"","ocean_menu_link_color_hover":"","ocean_menu_link_color_active":"","ocean_menu_link_background":"","ocean_menu_link_hover_background":"","ocean_menu_link_active_background":"","ocean_menu_social_links_bg":"","ocean_menu_social_hover_links_bg":"","ocean_menu_social_links_color":"","ocean_menu_social_hover_links_color":"","ocean_disable_title":"default","ocean_disable_heading":"default","ocean_post_title":"","ocean_post_subheading":"","ocean_post_title_style":"","ocean_post_title_background_color":"","ocean_post_title_background":0,"ocean_post_title_bg_image_position":"","ocean_post_title_bg_image_attachment":"","ocean_post_title_bg_image_repeat":"","ocean_post_title_bg_image_size":"","ocean_post_title_height":0,"ocean_post_title_bg_overlay":0.5,"ocean_post_title_bg_overlay_color":"","ocean_disable_breadcrumbs":"default","ocean_breadcrumbs_color":"","ocean_breadcrumbs_separator_color":"","ocean_breadcrumbs_links_color":"","ocean_breadcrumbs_links_hover_color":"","ocean_display_footer_widgets":"default","ocean_display_footer_bottom":"default","ocean_custom_footer_template":"0","footnotes":""},"class_list":["post-2900","page","type-page","status-publish","hentry","entry"],"_links":{"self":[{"href":"https:\/\/www.franciscodesales.com\/index.php\/wp-json\/wp\/v2\/pages\/2900","targetHints":{"allow":["GET"]}}],"collection":[{"href":"https:\/\/www.franciscodesales.com\/index.php\/wp-json\/wp\/v2\/pages"}],"about":[{"href":"https:\/\/www.franciscodesales.com\/index.php\/wp-json\/wp\/v2\/types\/page"}],"author":[{"embeddable":true,"href":"https:\/\/www.franciscodesales.com\/index.php\/wp-json\/wp\/v2\/users\/1"}],"replies":[{"embeddable":true,"href":"https:\/\/www.franciscodesales.com\/index.php\/wp-json\/wp\/v2\/comments?post=2900"}],"version-history":[{"count":1,"href":"https:\/\/www.franciscodesales.com\/index.php\/wp-json\/wp\/v2\/pages\/2900\/revisions"}],"predecessor-version":[{"id":2901,"href":"https:\/\/www.franciscodesales.com\/index.php\/wp-json\/wp\/v2\/pages\/2900\/revisions\/2901"}],"wp:attachment":[{"href":"https:\/\/www.franciscodesales.com\/index.php\/wp-json\/wp\/v2\/media?parent=2900"}],"curies":[{"name":"wp","href":"https:\/\/api.w.org\/{rel}","templated":true}]}}