{"id":2888,"date":"2021-11-28T21:42:17","date_gmt":"2021-11-28T21:42:17","guid":{"rendered":"https:\/\/www.franciscodesales.com\/?page_id=2888"},"modified":"2021-11-28T21:42:19","modified_gmt":"2021-11-28T21:42:19","slug":"funestas","status":"publish","type":"page","link":"https:\/\/www.franciscodesales.com\/index.php\/funestas\/","title":{"rendered":"FUNESTAS"},"content":{"rendered":"\n<p class=\"has-large-font-size\">FUNESTAS<\/p>\n\n\n\n<ul class=\"lcp_catlist\" id=\"lcp_instance_0\"><li><a href=\"https:\/\/www.franciscodesales.com\/index.php\/2026\/02\/13\/cuando-te-anoro\/\">Cuando te a\u00f1oro<\/a><\/li><li><a href=\"https:\/\/www.franciscodesales.com\/index.php\/2025\/10\/31\/no-me-acostumbro\/\">No me acostumbro<\/a><\/li><li><a href=\"https:\/\/www.franciscodesales.com\/index.php\/2025\/09\/08\/cuando-me-entierren\/\">Cuando me entierren<\/a><\/li><li><a href=\"https:\/\/www.franciscodesales.com\/index.php\/2025\/02\/28\/mi-vida-vacia\/\">Mi vida vac\u00eda<\/a><\/li><li><a href=\"https:\/\/www.franciscodesales.com\/index.php\/2025\/02\/19\/contra-mi\/\">Contra m\u00ed<\/a><\/li><li><a href=\"https:\/\/www.franciscodesales.com\/index.php\/2024\/12\/31\/me-sobra-dolor\/\">Me sobra dolor<\/a><\/li><li><a href=\"https:\/\/www.franciscodesales.com\/index.php\/2024\/11\/27\/tu-muerte\/\">Tu muerte<\/a><\/li><li><a href=\"https:\/\/www.franciscodesales.com\/index.php\/2024\/09\/12\/despues\/\">Despu\u00e9s<\/a><\/li><li><a href=\"https:\/\/www.franciscodesales.com\/index.php\/2024\/09\/02\/por-primera-y-ultima-vez\/\">Por primera y \u00faltima vez<\/a><\/li><li><a href=\"https:\/\/www.franciscodesales.com\/index.php\/2024\/08\/29\/estoy-muerto\/\">Estoy muerto<\/a><\/li><li><a href=\"https:\/\/www.franciscodesales.com\/index.php\/2024\/04\/26\/otro-dia-funesto\/\">Otro d\u00eda funesto<\/a><\/li><li><a href=\"https:\/\/www.franciscodesales.com\/index.php\/2024\/03\/15\/habla-con-mi-muerte\/\">Habla con mi muerte<\/a><\/li><li><a href=\"https:\/\/www.franciscodesales.com\/index.php\/2024\/02\/20\/oracion-a-un-difunto\/\">Oraci\u00f3n a un difunto<\/a><\/li><li><a href=\"https:\/\/www.franciscodesales.com\/index.php\/2023\/12\/19\/ya-me-voy\/\">Ya me voy<\/a><\/li><li><a href=\"https:\/\/www.franciscodesales.com\/index.php\/2023\/12\/13\/se-me-fueron-los-anos\/\">Se me fueron los a\u00f1os<\/a><\/li><li><a href=\"https:\/\/www.franciscodesales.com\/index.php\/2023\/07\/27\/adios\/\">Adi\u00f3s<\/a><\/li><li><a href=\"https:\/\/www.franciscodesales.com\/index.php\/2023\/06\/25\/trece-anos\/\">Trece a\u00f1os<\/a><\/li><li><a href=\"https:\/\/www.franciscodesales.com\/index.php\/2023\/03\/10\/no-se-cuantas-veces-mas\/\">No s\u00e9 cu\u00e1ntas veces m\u00e1s<\/a><\/li><li><a href=\"https:\/\/www.franciscodesales.com\/index.php\/2023\/02\/08\/ya-son-tantos\/\">Ya son tantos<\/a><\/li><li><a href=\"https:\/\/www.franciscodesales.com\/index.php\/2022\/09\/03\/morir-la-muerte\/\">Morir la muerte<\/a><\/li><li><a href=\"https:\/\/www.franciscodesales.com\/index.php\/2022\/07\/31\/todo-el-desconsuelo\/\">Todo el desconsuelo<\/a><\/li><li><a href=\"https:\/\/www.franciscodesales.com\/index.php\/2022\/07\/15\/sigo-malvivo\/\">Sigo. Malvivo.<\/a><\/li><li><a href=\"https:\/\/www.franciscodesales.com\/index.php\/2022\/07\/06\/amanecimos-tristes\/\">Amanecimos tristes<\/a><\/li><li><a href=\"https:\/\/www.franciscodesales.com\/index.php\/2022\/05\/31\/no-encuentro-no-me-encuentro\/\">No encuentro. No me encuentro.<\/a><\/li><li><a href=\"https:\/\/www.franciscodesales.com\/index.php\/2022\/04\/22\/y-mi-muerte-sin-muerto\/\">Y mi muerte sin muerto<\/a><\/li><li><a href=\"https:\/\/www.franciscodesales.com\/index.php\/2021\/09\/04\/vino-la-muerte\/\">Vino la muerte<\/a><\/li><li><a href=\"https:\/\/www.franciscodesales.com\/index.php\/2021\/09\/04\/vigor-mortis-funebrario\/\">Vigor mortis (funebrario)<\/a><\/li><li><a href=\"https:\/\/www.franciscodesales.com\/index.php\/2021\/09\/04\/un-mal-dia\/\">Un mal d\u00eda<\/a><\/li><li><a href=\"https:\/\/www.franciscodesales.com\/index.php\/2021\/09\/04\/tu-recuerdo-es-inagotable\/\">Tu recuerdo es inagotable<\/a><\/li><li><a href=\"https:\/\/www.franciscodesales.com\/index.php\/2021\/09\/04\/tristeza-entristada\/\">Tristeza entristada<\/a><\/li><li><a href=\"https:\/\/www.franciscodesales.com\/index.php\/2021\/09\/04\/sin-palabras-sin-animos\/\">Sin palabras, sin \u00e1nimos<\/a><\/li><li><a href=\"https:\/\/www.franciscodesales.com\/index.php\/2021\/09\/04\/sin-alegria\/\">Sin alegr\u00eda<\/a><\/li><li><a href=\"https:\/\/www.franciscodesales.com\/index.php\/2021\/09\/04\/resumen-de-una-vida\/\">Resumen de una vida<\/a><\/li><li><a href=\"https:\/\/www.franciscodesales.com\/index.php\/2021\/09\/04\/renacimiento\/\">Renacimiento<\/a><\/li><li><a href=\"https:\/\/www.franciscodesales.com\/index.php\/2021\/09\/04\/realidades-funestas\/\">Realidades funestas<\/a><\/li><li><a href=\"https:\/\/www.franciscodesales.com\/index.php\/2021\/09\/04\/que-hay-alli\/\">\u00bfQu\u00e9 hay all\u00ed?<\/a><\/li><li><a href=\"https:\/\/www.franciscodesales.com\/index.php\/2021\/09\/04\/prevencion\/\">Prevenci\u00f3n<\/a><\/li><li><a href=\"https:\/\/www.franciscodesales.com\/index.php\/2021\/09\/04\/otra-protesta-nueva\/\">Otra protesta nueva<\/a><\/li><li><a href=\"https:\/\/www.franciscodesales.com\/index.php\/2021\/09\/04\/ofrecimiento\/\">Ofrecimiento<\/a><\/li><li><a href=\"https:\/\/www.franciscodesales.com\/index.php\/2021\/09\/04\/obscuro-aciago\/\">Obscuro aciago<\/a><\/li><li><a href=\"https:\/\/www.franciscodesales.com\/index.php\/2021\/09\/04\/no-pensar\/\">No pensar<\/a><\/li><li><a href=\"https:\/\/www.franciscodesales.com\/index.php\/2021\/09\/04\/no-me-oiste\/\">No me oiste<\/a><\/li><li><a href=\"https:\/\/www.franciscodesales.com\/index.php\/2021\/09\/04\/no-deseo\/\">No deseo<\/a><\/li><li><a href=\"https:\/\/www.franciscodesales.com\/index.php\/2021\/09\/04\/negrura\/\">Negrura<\/a><\/li><li><a href=\"https:\/\/www.franciscodesales.com\/index.php\/2021\/09\/04\/negro\/\">Negro<\/a><\/li><li><a href=\"https:\/\/www.franciscodesales.com\/index.php\/2021\/09\/04\/nada-sere\/\">Nada ser\u00e9<\/a><\/li><li><a href=\"https:\/\/www.franciscodesales.com\/index.php\/2021\/09\/04\/muerto-soy\/\">Muerto soy<\/a><\/li><li><a href=\"https:\/\/www.franciscodesales.com\/index.php\/2021\/09\/04\/morir-no-es-importante\/\">Morir no es importante<\/a><\/li><li><a href=\"https:\/\/www.franciscodesales.com\/index.php\/2021\/09\/04\/miedo-oscuro\/\">Miedo oscuro<\/a><\/li><li><a href=\"https:\/\/www.franciscodesales.com\/index.php\/2021\/09\/04\/mi-luto-por-mi\/\">Mi luto por m\u00ed<\/a><\/li><li><a href=\"https:\/\/www.franciscodesales.com\/index.php\/2021\/09\/04\/me-matan\/\">Me matan<\/a><\/li><li><a href=\"https:\/\/www.franciscodesales.com\/index.php\/2021\/09\/04\/maltrecho\/\">Maltrecho<\/a><\/li><li><a href=\"https:\/\/www.franciscodesales.com\/index.php\/2021\/09\/04\/los-pasados-presentes\/\">Los pasados presentes<\/a><\/li><li><a href=\"https:\/\/www.franciscodesales.com\/index.php\/2021\/09\/04\/los-dias-quietos\/\">Los d\u00edas quietos<\/a><\/li><li><a href=\"https:\/\/www.franciscodesales.com\/index.php\/2021\/09\/04\/lo-que-no-quiero-ver\/\">Lo que no quiero ver<\/a><\/li><li><a href=\"https:\/\/www.franciscodesales.com\/index.php\/2021\/09\/04\/la-pena-y-yo\/\">La pena y yo<\/a><\/li><li><a href=\"https:\/\/www.franciscodesales.com\/index.php\/2021\/09\/04\/la-muerte-continua\/\">La muerte continua<\/a><\/li><li><a href=\"https:\/\/www.franciscodesales.com\/index.php\/2021\/09\/04\/lagrimas\/\">L\u00e1grimas<\/a><\/li><li><a href=\"https:\/\/www.franciscodesales.com\/index.php\/2021\/09\/04\/inutil-juramento\/\">In\u00fatil juramento<\/a><\/li><li><a href=\"https:\/\/www.franciscodesales.com\/index.php\/2021\/09\/04\/hablemos-de-morir\/\">Hablemos de morir<\/a><\/li><li><a href=\"https:\/\/www.franciscodesales.com\/index.php\/2021\/09\/04\/griterio\/\">Griter\u00edo<\/a><\/li><li><a href=\"https:\/\/www.franciscodesales.com\/index.php\/2021\/09\/04\/firmes-despropositos\/\">Firmes desprop\u00f3sitos<\/a><\/li><li><a href=\"https:\/\/www.franciscodesales.com\/index.php\/2021\/09\/04\/fin\/\">Fin<\/a><\/li><li><a href=\"https:\/\/www.franciscodesales.com\/index.php\/2021\/09\/04\/esta-noche\/\">Esta noche<\/a><\/li><li><a href=\"https:\/\/www.franciscodesales.com\/index.php\/2021\/09\/04\/el-frio-es-la-distancia\/\">El fr\u00edo es la distancia<\/a><\/li><li><a href=\"https:\/\/www.franciscodesales.com\/index.php\/2021\/09\/04\/el-destino-demonio\/\">El destino demonio<\/a><\/li><li><a href=\"https:\/\/www.franciscodesales.com\/index.php\/2021\/09\/04\/dolor-inquitante\/\">Dolor inquitante<\/a><\/li><li><a href=\"https:\/\/www.franciscodesales.com\/index.php\/2021\/09\/04\/desilusion-desencantada\/\">Desilusi\u00f3n desencantada<\/a><\/li><li><a href=\"https:\/\/www.franciscodesales.com\/index.php\/2021\/09\/04\/desespero\/\">Desespero<\/a><\/li><li><a href=\"https:\/\/www.franciscodesales.com\/index.php\/2021\/09\/04\/desesperado-desesperanzado\/\">Desesperado, desesperanzado<\/a><\/li><li><a href=\"https:\/\/www.franciscodesales.com\/index.php\/2021\/09\/03\/descompresion\/\">Descompresi\u00f3n<\/a><\/li><li><a href=\"https:\/\/www.franciscodesales.com\/index.php\/2021\/09\/03\/de-profundis-mortem\/\">De profundis mortem<\/a><\/li><li><a href=\"https:\/\/www.franciscodesales.com\/index.php\/2021\/09\/03\/cuando-llegue\/\">Cuando llegue<\/a><\/li><li><a href=\"https:\/\/www.franciscodesales.com\/index.php\/2021\/09\/03\/con-mis-mejores-deseos-2\/\">Con mis mejores deseos<\/a><\/li><li><a href=\"https:\/\/www.franciscodesales.com\/index.php\/2021\/09\/03\/cautivo-del-olvido\/\">Cautivo del olvido<\/a><\/li><li><a href=\"https:\/\/www.franciscodesales.com\/index.php\/2021\/09\/03\/caotico-esperpento\/\">Ca\u00f3tico esperpento<\/a><\/li><li><a href=\"https:\/\/www.franciscodesales.com\/index.php\/2021\/09\/03\/breve-relato-de-corte-dramatico-pero-que-al-final-es-resuelto-con-un-golpe-insospechado-de-humor-serio-y-negro\/\">Breve relato de corte dram\u00e1tico pero que al final es resuelto con un golpe insospechado de humor serio y negro<\/a><\/li><li><a href=\"https:\/\/www.franciscodesales.com\/index.php\/2021\/09\/03\/alzheimer\/\">Alzheimer<\/a><\/li><li><a href=\"https:\/\/www.franciscodesales.com\/index.php\/2021\/09\/03\/a-tu-muerte\/\">A tu muerte<\/a><\/li><li><a href=\"https:\/\/www.franciscodesales.com\/index.php\/2021\/09\/03\/tus-pasos\/\">Tus pasos<\/a><\/li><li><a href=\"https:\/\/www.franciscodesales.com\/index.php\/2021\/09\/03\/tus-ojos\/\">Tus ojos<\/a><\/li><li><a href=\"https:\/\/www.franciscodesales.com\/index.php\/2021\/09\/03\/tu-espalda\/\">Tu espalda<\/a><\/li><li><a href=\"https:\/\/www.franciscodesales.com\/index.php\/2021\/09\/03\/silencio\/\">Silencio<\/a><\/li><li><a href=\"https:\/\/www.franciscodesales.com\/index.php\/2021\/09\/03\/sabe-bien-tu-piel\/\">Sabe bien tu piel<\/a><\/li><\/ul>\n","protected":false},"excerpt":{"rendered":"<p>FUNESTAS<\/p>\n","protected":false},"author":1,"featured_media":0,"parent":0,"menu_order":0,"comment_status":"closed","ping_status":"closed","template":"","meta":{"ocean_post_layout":"","ocean_both_sidebars_style":"","ocean_both_sidebars_content_width":0,"ocean_both_sidebars_sidebars_width":0,"ocean_sidebar":"0","ocean_second_sidebar":"0","ocean_disable_margins":"enable","ocean_add_body_class":"","ocean_shortcode_before_top_bar":"","ocean_shortcode_after_top_bar":"","ocean_shortcode_before_header":"","ocean_shortcode_after_header":"","ocean_has_shortcode":"","ocean_shortcode_after_title":"","ocean_shortcode_before_footer_widgets":"","ocean_shortcode_after_footer_widgets":"","ocean_shortcode_before_footer_bottom":"","ocean_shortcode_after_footer_bottom":"","ocean_display_top_bar":"default","ocean_display_header":"default","ocean_header_style":"","ocean_center_header_left_menu":"0","ocean_custom_header_template":"0","ocean_custom_logo":0,"ocean_custom_retina_logo":0,"ocean_custom_logo_max_width":0,"ocean_custom_logo_tablet_max_width":0,"ocean_custom_logo_mobile_max_width":0,"ocean_custom_logo_max_height":0,"ocean_custom_logo_tablet_max_height":0,"ocean_custom_logo_mobile_max_height":0,"ocean_header_custom_menu":"0","ocean_menu_typo_font_family":"0","ocean_menu_typo_font_subset":"","ocean_menu_typo_font_size":0,"ocean_menu_typo_font_size_tablet":0,"ocean_menu_typo_font_size_mobile":0,"ocean_menu_typo_font_size_unit":"px","ocean_menu_typo_font_weight":"","ocean_menu_typo_font_weight_tablet":"","ocean_menu_typo_font_weight_mobile":"","ocean_menu_typo_transform":"","ocean_menu_typo_transform_tablet":"","ocean_menu_typo_transform_mobile":"","ocean_menu_typo_line_height":0,"ocean_menu_typo_line_height_tablet":0,"ocean_menu_typo_line_height_mobile":0,"ocean_menu_typo_line_height_unit":"","ocean_menu_typo_spacing":0,"ocean_menu_typo_spacing_tablet":0,"ocean_menu_typo_spacing_mobile":0,"ocean_menu_typo_spacing_unit":"","ocean_menu_link_color":"","ocean_menu_link_color_hover":"","ocean_menu_link_color_active":"","ocean_menu_link_background":"","ocean_menu_link_hover_background":"","ocean_menu_link_active_background":"","ocean_menu_social_links_bg":"","ocean_menu_social_hover_links_bg":"","ocean_menu_social_links_color":"","ocean_menu_social_hover_links_color":"","ocean_disable_title":"default","ocean_disable_heading":"default","ocean_post_title":"","ocean_post_subheading":"","ocean_post_title_style":"","ocean_post_title_background_color":"","ocean_post_title_background":0,"ocean_post_title_bg_image_position":"","ocean_post_title_bg_image_attachment":"","ocean_post_title_bg_image_repeat":"","ocean_post_title_bg_image_size":"","ocean_post_title_height":0,"ocean_post_title_bg_overlay":0.5,"ocean_post_title_bg_overlay_color":"","ocean_disable_breadcrumbs":"default","ocean_breadcrumbs_color":"","ocean_breadcrumbs_separator_color":"","ocean_breadcrumbs_links_color":"","ocean_breadcrumbs_links_hover_color":"","ocean_display_footer_widgets":"default","ocean_display_footer_bottom":"default","ocean_custom_footer_template":"0","footnotes":""},"class_list":["post-2888","page","type-page","status-publish","hentry","entry"],"_links":{"self":[{"href":"https:\/\/www.franciscodesales.com\/index.php\/wp-json\/wp\/v2\/pages\/2888","targetHints":{"allow":["GET"]}}],"collection":[{"href":"https:\/\/www.franciscodesales.com\/index.php\/wp-json\/wp\/v2\/pages"}],"about":[{"href":"https:\/\/www.franciscodesales.com\/index.php\/wp-json\/wp\/v2\/types\/page"}],"author":[{"embeddable":true,"href":"https:\/\/www.franciscodesales.com\/index.php\/wp-json\/wp\/v2\/users\/1"}],"replies":[{"embeddable":true,"href":"https:\/\/www.franciscodesales.com\/index.php\/wp-json\/wp\/v2\/comments?post=2888"}],"version-history":[{"count":1,"href":"https:\/\/www.franciscodesales.com\/index.php\/wp-json\/wp\/v2\/pages\/2888\/revisions"}],"predecessor-version":[{"id":2889,"href":"https:\/\/www.franciscodesales.com\/index.php\/wp-json\/wp\/v2\/pages\/2888\/revisions\/2889"}],"wp:attachment":[{"href":"https:\/\/www.franciscodesales.com\/index.php\/wp-json\/wp\/v2\/media?parent=2888"}],"curies":[{"name":"wp","href":"https:\/\/api.w.org\/{rel}","templated":true}]}}