{"id":2,"date":"2021-08-08T18:41:02","date_gmt":"2021-08-08T18:41:02","guid":{"rendered":"https:\/\/www.franciscodesales.com\/?page_id=2"},"modified":"2022-03-03T12:52:01","modified_gmt":"2022-03-03T12:52:01","slug":"poesias","status":"publish","type":"page","link":"https:\/\/www.franciscodesales.com\/index.php\/poesias\/","title":{"rendered":"POES\u00cdAS"},"content":{"rendered":"\t\t<div data-elementor-type=\"wp-page\" data-elementor-id=\"2\" class=\"elementor elementor-2\">\n\t\t\t\t\t\t<section class=\"elementor-section elementor-top-section elementor-element elementor-element-3ad41e3 elementor-section-boxed elementor-section-height-default elementor-section-height-default\" data-id=\"3ad41e3\" data-element_type=\"section\">\n\t\t\t\t\t\t<div class=\"elementor-container elementor-column-gap-default\">\n\t\t\t\t\t<div class=\"elementor-column elementor-col-100 elementor-top-column elementor-element elementor-element-219999d\" data-id=\"219999d\" data-element_type=\"column\">\n\t\t\t<div class=\"elementor-widget-wrap elementor-element-populated\">\n\t\t\t\t\t\t<div class=\"elementor-element elementor-element-6a2fbd8 elementor-widget elementor-widget-sidebar\" data-id=\"6a2fbd8\" data-element_type=\"widget\" data-widget_type=\"sidebar.default\">\n\t\t\t\t<div class=\"elementor-widget-container\">\n\t\t\t\t\t<div id=\"block-3\" class=\"footer-widget widget_block clr\">\n<div class=\"wp-block-group\"><div class=\"wp-block-group__inner-container is-layout-flow wp-block-group-is-layout-flow\">\n<h2 class=\"has-white-color has-text-color wp-block-heading\" id=\"recent-posts\">Entradas recientes<\/h2>\n\n\n<ul class=\"wp-block-latest-posts__list wp-block-latest-posts\"><li><a class=\"wp-block-latest-posts__post-title\" href=\"https:\/\/www.franciscodesales.com\/index.php\/2026\/04\/28\/tu-ayer\/\">T\u00fa, ayer<\/a><\/li>\n<li><a class=\"wp-block-latest-posts__post-title\" href=\"https:\/\/www.franciscodesales.com\/index.php\/2026\/04\/26\/viento-del-pasado\/\">Viento del pasado<\/a><\/li>\n<li><a class=\"wp-block-latest-posts__post-title\" href=\"https:\/\/www.franciscodesales.com\/index.php\/2026\/04\/24\/el-verbo-amar\/\">El verbo amar<\/a><\/li>\n<li><a class=\"wp-block-latest-posts__post-title\" href=\"https:\/\/www.franciscodesales.com\/index.php\/2026\/04\/20\/sin-hacer-ruido\/\">Sin hacer ruido<\/a><\/li>\n<li><a class=\"wp-block-latest-posts__post-title\" href=\"https:\/\/www.franciscodesales.com\/index.php\/2026\/04\/18\/sinsentido\/\">Sinsentido<\/a><\/li>\n<\/ul><\/div><\/div>\n<\/div>\t\t\t\t<\/div>\n\t\t\t\t<\/div>\n\t\t\t\t\t<\/div>\n\t\t<\/div>\n\t\t\t\t\t<\/div>\n\t\t<\/section>\n\t\t\t\t<section class=\"elementor-section elementor-top-section elementor-element elementor-element-f248bd8 elementor-section-boxed elementor-section-height-default elementor-section-height-default\" data-id=\"f248bd8\" data-element_type=\"section\">\n\t\t\t\t\t\t<div class=\"elementor-container elementor-column-gap-default\">\n\t\t\t\t\t<div class=\"elementor-column elementor-col-100 elementor-top-column elementor-element elementor-element-f3339c7\" data-id=\"f3339c7\" data-element_type=\"column\">\n\t\t\t<div class=\"elementor-widget-wrap elementor-element-populated\">\n\t\t\t\t\t\t<div class=\"elementor-element elementor-element-a73fdd4 elementor-widget elementor-widget-text-editor\" data-id=\"a73fdd4\" data-element_type=\"widget\" data-widget_type=\"text-editor.default\">\n\t\t\t\t<div class=\"elementor-widget-container\">\n\t\t\t\t\t\t\t\t\t<p>\u00a0<\/p>\n<p><span style=\"text-decoration: underline;\"><strong>POES\u00cdAS ORDENADAS POR TEMAS<\/strong><\/span><\/p>\t\t\t\t\t\t\t\t<\/div>\n\t\t\t\t<\/div>\n\t\t\t\t\t<\/div>\n\t\t<\/div>\n\t\t\t\t\t<\/div>\n\t\t<\/section>\n\t\t\t\t<section class=\"elementor-section elementor-top-section elementor-element elementor-element-15724d4 elementor-section-boxed elementor-section-height-default elementor-section-height-default\" data-id=\"15724d4\" data-element_type=\"section\">\n\t\t\t\t\t\t<div class=\"elementor-container elementor-column-gap-default\">\n\t\t\t\t\t<div class=\"elementor-column elementor-col-100 elementor-top-column elementor-element elementor-element-71a47d0\" data-id=\"71a47d0\" data-element_type=\"column\">\n\t\t\t<div class=\"elementor-widget-wrap elementor-element-populated\">\n\t\t\t\t\t\t<div class=\"elementor-element elementor-element-51f5ea6 elementor-widget elementor-widget-text-editor\" data-id=\"51f5ea6\" data-element_type=\"widget\" data-widget_type=\"text-editor.default\">\n\t\t\t\t<div class=\"elementor-widget-container\">\n\t\t\t\t\t\t\t\t\t<ul>\n<li><span style=\"font-size: 18pt;\"><strong><a href=\"https:\/\/www.franciscodesales.com\/index.php\/2878-2\/\"><span style=\"font-family: candara;\">Amor<\/span><\/a><\/strong><\/span><\/li>\n<li><span style=\"font-size: 18pt;\"><strong><a href=\"https:\/\/www.franciscodesales.com\/index.php\/de-mi-para-mi\/\">De m\u00ed para m\u00ed<\/a><\/strong><\/span><\/li>\n<li><span style=\"font-size: 18pt;\"><strong><a href=\"https:\/\/www.franciscodesales.com\/index.php\/desamor\/\">Desamor<\/a><\/strong><\/span><\/li>\n<li><span style=\"font-size: 18pt;\"><strong><a href=\"https:\/\/www.franciscodesales.com\/index.php\/el-cuerpo\/\">El cuerpo<\/a><\/strong><\/span><\/li>\n<li><span style=\"font-size: 18pt;\"><strong><a href=\"https:\/\/www.franciscodesales.com\/index.php\/funestas\/\">Funestas<\/a><\/strong><\/span><\/li>\n<li><span style=\"font-size: 18pt;\"><strong><a href=\"https:\/\/www.franciscodesales.com\/index.php\/inclasificables\/\">Inclasificables<\/a><\/strong><\/span><\/li>\n<li><span style=\"font-size: 18pt;\"><strong><a href=\"https:\/\/www.franciscodesales.com\/index.php\/la-poesia-y-las-palabras\/\">La poes\u00eda y la palabras<\/a><\/strong><\/span><\/li>\n<li><span style=\"font-size: 18pt;\"><strong><a href=\"https:\/\/www.franciscodesales.com\/index.php\/locas\/\">Locas<\/a><\/strong><\/span><\/li>\n<li><span style=\"font-size: 18pt;\"><strong><a href=\"https:\/\/www.franciscodesales.com\/index.php\/naturaleza\/\">Naturaleza<\/a><\/strong><\/span><\/li>\n<li><span style=\"font-size: 18pt;\"><strong><a href=\"https:\/\/www.franciscodesales.com\/index.php\/personas\/\">Personas<\/a><\/strong><\/span><\/li>\n<li><span style=\"font-size: 18pt;\"><strong><a href=\"https:\/\/www.franciscodesales.com\/index.php\/pseudo-filosoficas\/\">Pseudo-filos\u00f3ficas<\/a><\/strong><\/span><\/li>\n<li><span style=\"font-size: 18pt;\"><strong><a href=\"https:\/\/www.franciscodesales.com\/index.php\/seleccion\/\">Selecci\u00f3n<\/a><\/strong><\/span><\/li>\n<li><a href=\"https:\/\/www.franciscodesales.com\/index.php\/relatos\/\"><span style=\"font-size: 18pt;\"><strong><span style=\"font-family: candara;\">Relatos<\/span><\/strong><\/span><\/a><\/li>\n<\/ul>\t\t\t\t\t\t\t\t<\/div>\n\t\t\t\t<\/div>\n\t\t\t\t\t<\/div>\n\t\t<\/div>\n\t\t\t\t\t<\/div>\n\t\t<\/section>\n\t\t\t\t<section class=\"elementor-section elementor-top-section elementor-element elementor-element-b662d51 elementor-section-boxed elementor-section-height-default elementor-section-height-default\" data-id=\"b662d51\" data-element_type=\"section\">\n\t\t\t\t\t\t<div class=\"elementor-container elementor-column-gap-default\">\n\t\t\t\t\t<div class=\"elementor-column elementor-col-100 elementor-top-column elementor-element elementor-element-c29ffeb\" data-id=\"c29ffeb\" data-element_type=\"column\">\n\t\t\t<div class=\"elementor-widget-wrap elementor-element-populated\">\n\t\t\t\t\t\t<div class=\"elementor-element elementor-element-7785040 elementor-widget elementor-widget-sidebar\" data-id=\"7785040\" data-element_type=\"widget\" data-widget_type=\"sidebar.default\">\n\t\t\t\t<div class=\"elementor-widget-container\">\n\t\t\t\t\t<div id=\"block-3\" class=\"footer-widget widget_block clr\">\n<div class=\"wp-block-group\"><div class=\"wp-block-group__inner-container is-layout-flow wp-block-group-is-layout-flow\">\n<h2 class=\"has-white-color has-text-color wp-block-heading\" id=\"recent-posts\">Entradas recientes<\/h2>\n\n\n<ul class=\"wp-block-latest-posts__list wp-block-latest-posts\"><li><a class=\"wp-block-latest-posts__post-title\" href=\"https:\/\/www.franciscodesales.com\/index.php\/2026\/04\/28\/tu-ayer\/\">T\u00fa, ayer<\/a><\/li>\n<li><a class=\"wp-block-latest-posts__post-title\" href=\"https:\/\/www.franciscodesales.com\/index.php\/2026\/04\/26\/viento-del-pasado\/\">Viento del pasado<\/a><\/li>\n<li><a class=\"wp-block-latest-posts__post-title\" href=\"https:\/\/www.franciscodesales.com\/index.php\/2026\/04\/24\/el-verbo-amar\/\">El verbo amar<\/a><\/li>\n<li><a class=\"wp-block-latest-posts__post-title\" href=\"https:\/\/www.franciscodesales.com\/index.php\/2026\/04\/20\/sin-hacer-ruido\/\">Sin hacer ruido<\/a><\/li>\n<li><a class=\"wp-block-latest-posts__post-title\" href=\"https:\/\/www.franciscodesales.com\/index.php\/2026\/04\/18\/sinsentido\/\">Sinsentido<\/a><\/li>\n<\/ul><\/div><\/div>\n<\/div>\t\t\t\t<\/div>\n\t\t\t\t<\/div>\n\t\t\t\t\t<\/div>\n\t\t<\/div>\n\t\t\t\t\t<\/div>\n\t\t<\/section>\n\t\t\t\t<\/div>\n\t\t","protected":false},"excerpt":{"rendered":"<p>\u00a0 POES\u00cdAS ORDENADAS POR TEMAS Amor De m\u00ed para m\u00ed Desamor El cuerpo Funestas Inclasificables La poes\u00eda y la palabras Locas Naturaleza Personas Pseudo-filos\u00f3ficas Selecci\u00f3n Relatos<\/p>\n","protected":false},"author":1,"featured_media":0,"parent":0,"menu_order":0,"comment_status":"closed","ping_status":"closed","template":"","meta":{"ocean_post_layout":"","ocean_both_sidebars_style":"","ocean_both_sidebars_content_width":0,"ocean_both_sidebars_sidebars_width":0,"ocean_sidebar":"sidebar","ocean_second_sidebar":"0","ocean_disable_margins":"enable","ocean_add_body_class":"","ocean_shortcode_before_top_bar":"","ocean_shortcode_after_top_bar":"","ocean_shortcode_before_header":"","ocean_shortcode_after_header":"","ocean_has_shortcode":"","ocean_shortcode_after_title":"","ocean_shortcode_before_footer_widgets":"","ocean_shortcode_after_footer_widgets":"","ocean_shortcode_before_footer_bottom":"","ocean_shortcode_after_footer_bottom":"","ocean_display_top_bar":"default","ocean_display_header":"default","ocean_header_style":"","ocean_center_header_left_menu":"0","ocean_custom_header_template":"0","ocean_custom_logo":0,"ocean_custom_retina_logo":0,"ocean_custom_logo_max_width":0,"ocean_custom_logo_tablet_max_width":0,"ocean_custom_logo_mobile_max_width":0,"ocean_custom_logo_max_height":0,"ocean_custom_logo_tablet_max_height":0,"ocean_custom_logo_mobile_max_height":0,"ocean_header_custom_menu":"0","ocean_menu_typo_font_family":"0","ocean_menu_typo_font_subset":"","ocean_menu_typo_font_size":0,"ocean_menu_typo_font_size_tablet":0,"ocean_menu_typo_font_size_mobile":0,"ocean_menu_typo_font_size_unit":"px","ocean_menu_typo_font_weight":"","ocean_menu_typo_font_weight_tablet":"","ocean_menu_typo_font_weight_mobile":"","ocean_menu_typo_transform":"","ocean_menu_typo_transform_tablet":"","ocean_menu_typo_transform_mobile":"","ocean_menu_typo_line_height":0,"ocean_menu_typo_line_height_tablet":0,"ocean_menu_typo_line_height_mobile":0,"ocean_menu_typo_line_height_unit":"","ocean_menu_typo_spacing":0,"ocean_menu_typo_spacing_tablet":0,"ocean_menu_typo_spacing_mobile":0,"ocean_menu_typo_spacing_unit":"","ocean_menu_link_color":"","ocean_menu_link_color_hover":"","ocean_menu_link_color_active":"","ocean_menu_link_background":"","ocean_menu_link_hover_background":"","ocean_menu_link_active_background":"","ocean_menu_social_links_bg":"","ocean_menu_social_hover_links_bg":"","ocean_menu_social_links_color":"","ocean_menu_social_hover_links_color":"","ocean_disable_title":"default","ocean_disable_heading":"default","ocean_post_title":"","ocean_post_subheading":"","ocean_post_title_style":"","ocean_post_title_background_color":"","ocean_post_title_background":0,"ocean_post_title_bg_image_position":"","ocean_post_title_bg_image_attachment":"","ocean_post_title_bg_image_repeat":"","ocean_post_title_bg_image_size":"","ocean_post_title_height":0,"ocean_post_title_bg_overlay":0.5,"ocean_post_title_bg_overlay_color":"","ocean_disable_breadcrumbs":"default","ocean_breadcrumbs_color":"","ocean_breadcrumbs_separator_color":"","ocean_breadcrumbs_links_color":"","ocean_breadcrumbs_links_hover_color":"","ocean_display_footer_widgets":"default","ocean_display_footer_bottom":"default","ocean_custom_footer_template":"0","footnotes":""},"class_list":["post-2","page","type-page","status-publish","hentry","entry"],"_links":{"self":[{"href":"https:\/\/www.franciscodesales.com\/index.php\/wp-json\/wp\/v2\/pages\/2","targetHints":{"allow":["GET"]}}],"collection":[{"href":"https:\/\/www.franciscodesales.com\/index.php\/wp-json\/wp\/v2\/pages"}],"about":[{"href":"https:\/\/www.franciscodesales.com\/index.php\/wp-json\/wp\/v2\/types\/page"}],"author":[{"embeddable":true,"href":"https:\/\/www.franciscodesales.com\/index.php\/wp-json\/wp\/v2\/users\/1"}],"replies":[{"embeddable":true,"href":"https:\/\/www.franciscodesales.com\/index.php\/wp-json\/wp\/v2\/comments?post=2"}],"version-history":[{"count":33,"href":"https:\/\/www.franciscodesales.com\/index.php\/wp-json\/wp\/v2\/pages\/2\/revisions"}],"predecessor-version":[{"id":3040,"href":"https:\/\/www.franciscodesales.com\/index.php\/wp-json\/wp\/v2\/pages\/2\/revisions\/3040"}],"wp:attachment":[{"href":"https:\/\/www.franciscodesales.com\/index.php\/wp-json\/wp\/v2\/media?parent=2"}],"curies":[{"name":"wp","href":"https:\/\/api.w.org\/{rel}","templated":true}]}}